{"id":12011,"date":"2018-10-09T20:18:37","date_gmt":"2018-10-09T20:18:37","guid":{"rendered":"https:\/\/upperinc.com\/previews\/wp\/larch\/onepage1\/?page_id=12011"},"modified":"2018-11-16T19:39:10","modified_gmt":"2018-11-16T19:39:10","slug":"contacts","status":"publish","type":"page","link":"https:\/\/butialavin.ch\/?page_id=12011","title":{"rendered":"Anmeldeformular"},"content":{"rendered":"<section class=\"wpb-content-wrapper\"><p>[vc_row css=&#8220;.vc_custom_1528056653251{margin-top: 100px !important;margin-bottom: 40px !important;}&#8220;][vc_column][vc_custom_heading text=&#8220;Societ\u00e0 Cooperativa Butia Lavin&#8220; font_container=&#8220;tag:h5|text_align:center&#8220; use_theme_fonts=&#8220;yes&#8220;][vc_custom_heading text=&#8220;Jetzt Genossenschaftsanteil(e) zeichnen und Mitglied werden!&#8220; font_container=&#8220;tag:h3|text_align:center&#8220; use_theme_fonts=&#8220;yes&#8220;][\/vc_column][\/vc_row][vc_row bg_type=&#8220;bg_color&#8220; bg_override=&#8220;ex-full&#8220; bg_color_value=&#8220;#ffffff&#8220; css=&#8220;.vc_custom_1528056360591{padding-bottom: 60px !important;}&#8220;][vc_column][vc_column_text]<\/p>\n<p class=\"p1\">Im Jahr 2003\u202d, \u202cnach der Schliessung des damaligen Dorfladens\u202d, \u202cwurde die Genossenschaft\u202d \u202c\u202e\u201e\u202cSociet\u00e0 Cooperativa Butia Lavin\u201c\u202d \u202cgegr\u00fcndet und mit dem Bau der heutigen Liegenschaft begonnen\u202d. \u202cAm 18\u202d. \u202cDezember 2003\u202d \u202cwar es dann so weit und der neue Dorfladen mit\u202d \u202c\u202e\u201e\u202cVolg\u201c\u202d \u202cals Vertriebspartner\u202d, \u202ckonnte er\u00f6ffnet werden\u202d.\u202c<\/p>\n<p class=\"p1\">2010\u202d \u202cwurde der Laden umgebaut und vergr\u00f6ssert um die Postagentur und die touristische Infostelle darin zu integrieren\u202d. \u202cSeit der Gemeindefusion im Jahr 2015\u202d \u202cwurden auch einzelne Gemeindedienstleistungen in den Laden integriert\u202d.\u202c<\/p>\n<p class=\"p1\">\u202e\u201e\u202cNossa Butia Lavin\u201c\u202d (\u202cunser Dorfladen Lavin\u202d) \u202cist heute ein multifunktionales Dorf-Dienstleistungszentrum\u202d, \u202cdas als Lebensnerv\u202d, \u202cTreffpunkt und f\u00fcr den\u202d \u202cErhalt der Attraktivit\u00e4t von Lavin als Wohn\u202d- \u202cund Ferienort entscheidend ist\u202d.\u202c<\/p>\n<p class=\"p1\">Der Dorfladen wird von der Genossenschaft selbst\u00e4ndig und auf eigene Rechnung gef\u00fchrt\u202d. \u202cDie Liegenschaft ist in Gemeindebesitz und der\u202d \u202c\u202e\u201e\u202cVolg\u201c\u202d \u202cist unser Vertriebspartner und Hauptlieferant\u202d.\u202c<\/p>\n<p class=\"p1\">Bev\u00f6lkerung\u202d, \u202cZweitheimische und Freunde von Lavin haben 2003\u202d \u202cin einer solidarischen und \u00fcberw\u00e4ltigenden Aktion en Dorfladen innert weniger Monate gerettet und neu aufgestellt\u202d.\u202c<\/p>\n<p class=\"p1\">Unsere Genossenschafterinnen und Genossenschafter setzen sich seither mit \u00dcberzeugung daf\u00fcr ein und tragen den Geist und die \u00dcberzeugung von damals weiter in die Zukunft\u202d.\u202c<\/p>\n<p class=\"p1\">Ist\u202d \u202c\u202e\u201e\u202cNossa Butia Lavin\u201c\u202d \u202cauch IHR Dorfladen\u202d? \u202cDann werden Sie Teil davon\u202d!\u202c<\/p>\n<p>[\/vc_column_text][vc_empty_space]\n<div class=\"wpcf7 no-js\" id=\"wpcf7-f9028-o1\" lang=\"en-US\" dir=\"ltr\" data-wpcf7-id=\"9028\">\n<div class=\"screen-reader-response\"><p role=\"status\" aria-live=\"polite\" aria-atomic=\"true\"><\/p> <ul><\/ul><\/div>\n<form action=\"\/index.php?rest_route=%2Fwp%2Fv2%2Fpages%2F12011#wpcf7-f9028-o1\" method=\"post\" class=\"wpcf7-form init\" aria-label=\"Contact form\" novalidate=\"novalidate\" data-status=\"init\">\n<fieldset class=\"hidden-fields-container\"><input type=\"hidden\" name=\"_wpcf7\" value=\"9028\" \/><input type=\"hidden\" name=\"_wpcf7_version\" value=\"6.1.5\" \/><input type=\"hidden\" name=\"_wpcf7_locale\" value=\"en_US\" \/><input type=\"hidden\" name=\"_wpcf7_unit_tag\" value=\"wpcf7-f9028-o1\" \/><input type=\"hidden\" name=\"_wpcf7_container_post\" value=\"0\" \/><input type=\"hidden\" name=\"_wpcf7_posted_data_hash\" value=\"\" \/><input type=\"hidden\" name=\"_wpcf7_recaptcha_response\" value=\"\" \/>\n<\/fieldset>\n<div class=\"larch-multiple-fields\">\n\t<div class=\"f-name\">\n\t\t<p>Ihr Name <span class=\"cforms-required\">(Pflichtfeld)<\/span>\n\t\t<\/p>\n\t\t<p><span class=\"wpcf7-form-control-wrap\" data-name=\"your-name\"><input size=\"40\" maxlength=\"400\" class=\"wpcf7-form-control wpcf7-text wpcf7-validates-as-required\" aria-required=\"true\" aria-invalid=\"false\" value=\"\" type=\"text\" name=\"your-name\" \/><\/span>\n\t\t<\/p>\n\t<\/div>\n\t<div class=\"f-name\">\n\t\t<p>Ihre Anschrift inkl PLZ und Ort <span class=\"cforms-required\">(Pflichtfeld)<\/span>\n\t\t<\/p>\n\t\t<p><span class=\"wpcf7-form-control-wrap\" data-name=\"your-address\"><input size=\"40\" maxlength=\"400\" class=\"wpcf7-form-control wpcf7-text wpcf7-validates-as-required\" aria-required=\"true\" aria-invalid=\"false\" value=\"\" type=\"text\" name=\"your-address\" \/><\/span>\n\t\t<\/p>\n\t<\/div>\n\t<div class=\"f-email\">\n\t\t<p>Ihre E-Mailadresse <span class=\"cforms-required\">(Pflichtfeld)<\/span>\n\t\t<\/p>\n\t\t<p><span class=\"wpcf7-form-control-wrap\" data-name=\"your-email\"><input size=\"40\" maxlength=\"400\" class=\"wpcf7-form-control wpcf7-email wpcf7-validates-as-required wpcf7-text wpcf7-validates-as-email\" aria-required=\"true\" aria-invalid=\"false\" value=\"\" type=\"email\" name=\"your-email\" \/><\/span>\n\t\t<\/p>\n\t<\/div>\n\t<div class=\"f-subject\">\n\t\t<p>Anzahl Genossenschaftsanteile \u00e0 CHF 500.-\n\t\t<\/p>\n\t\t<p><span class=\"wpcf7-form-control-wrap\" data-name=\"your-subject\"><input size=\"40\" maxlength=\"400\" class=\"wpcf7-form-control wpcf7-text\" aria-invalid=\"false\" value=\"\" type=\"text\" name=\"your-subject\" \/><\/span>\n\t\t<\/p>\n\t<\/div>\n\t<div class=\"f-message\">\n\t\t<p>Wollen Sie uns noch etwas Mitteilen?\n\t\t<\/p>\n\t\t<p><span class=\"wpcf7-form-control-wrap\" data-name=\"your-message\"><textarea cols=\"40\" rows=\"10\" maxlength=\"2000\" class=\"wpcf7-form-control wpcf7-textarea\" aria-invalid=\"false\" name=\"your-message\"><\/textarea><\/span>\n\t\t<\/p>\n\t<\/div>\n\t<div class=\"bt-contact\">\n\t\t<p><a class=\"btn-contact-left\"><input class=\"wpcf7-form-control wpcf7-submit has-spinner\" type=\"submit\" value=\"ANMELDUNG SENDEN\" \/><\/a>\n\t\t<\/p>\n\t<\/div>\n<\/div><input type='hidden' class='wpcf7-pum' value='{\"closepopup\":false,\"closedelay\":0,\"openpopup\":true,\"openpopup_id\":0}' \/><div class=\"wpcf7-response-output\" aria-hidden=\"true\"><\/div>\n<\/form>\n<\/div>\n[\/vc_column][\/vc_row]<\/p>\n<\/section>","protected":false},"excerpt":{"rendered":"<p>[vc_row css=&#8220;.vc_custom_1528056653251{margin-top: 100px !important;margin-bottom: 40px !important;}&#8220;][vc_column][vc_custom_heading text=&#8220;Societ\u00e0 Cooperativa Butia Lavin&#8220; font_container=&#8220;tag:h5|text_align:center&#8220; use_theme_fonts=&#8220;yes&#8220;][vc_custom_heading text=&#8220;Jetzt Genossenschaftsanteil(e) zeichnen und Mitglied werden!&#8220; font_container=&#8220;tag:h3|text_align:center&#8220; use_theme_fonts=&#8220;yes&#8220;][\/vc_column][\/vc_row][vc_row bg_type=&#8220;bg_color&#8220; bg_override=&#8220;ex-full&#8220; bg_color_value=&#8220;#ffffff&#8220; css=&#8220;.vc_custom_1528056360591{padding-bottom: 60px !important;}&#8220;][vc_column][vc_column_text] Im Jahr 2003\u202d, \u202cnach der Schliessung des damaligen Dorfladens\u202d, \u202cwurde die Genossenschaft\u202d \u202c\u202e\u201e\u202cSociet\u00e0 Cooperativa Butia Lavin\u201c\u202d \u202cgegr\u00fcndet und mit dem Bau der heutigen Liegenschaft begonnen\u202d. \u202cAm 18\u202d. \u202cDezember 2003\u202d [&hellip;]<\/p>\n","protected":false},"author":2,"featured_media":0,"parent":0,"menu_order":0,"comment_status":"closed","ping_status":"closed","template":"template-blank.php","meta":{"footnotes":""},"class_list":["post-12011","page","type-page","status-publish","hentry"],"_links":{"self":[{"href":"https:\/\/butialavin.ch\/index.php?rest_route=\/wp\/v2\/pages\/12011","targetHints":{"allow":["GET"]}}],"collection":[{"href":"https:\/\/butialavin.ch\/index.php?rest_route=\/wp\/v2\/pages"}],"about":[{"href":"https:\/\/butialavin.ch\/index.php?rest_route=\/wp\/v2\/types\/page"}],"author":[{"embeddable":true,"href":"https:\/\/butialavin.ch\/index.php?rest_route=\/wp\/v2\/users\/2"}],"replies":[{"embeddable":true,"href":"https:\/\/butialavin.ch\/index.php?rest_route=%2Fwp%2Fv2%2Fcomments&post=12011"}],"version-history":[{"count":8,"href":"https:\/\/butialavin.ch\/index.php?rest_route=\/wp\/v2\/pages\/12011\/revisions"}],"predecessor-version":[{"id":12800,"href":"https:\/\/butialavin.ch\/index.php?rest_route=\/wp\/v2\/pages\/12011\/revisions\/12800"}],"wp:attachment":[{"href":"https:\/\/butialavin.ch\/index.php?rest_route=%2Fwp%2Fv2%2Fmedia&parent=12011"}],"curies":[{"name":"wp","href":"https:\/\/api.w.org\/{rel}","templated":true}]}}